{"id":20,"date":"2017-08-15T05:33:08","date_gmt":"2017-08-15T05:33:08","guid":{"rendered":"http:\/\/www.genesismi.cl\/?page_id=20"},"modified":"2025-12-18T20:06:18","modified_gmt":"2025-12-18T20:06:18","slug":"20-2","status":"publish","type":"page","link":"https:\/\/www.genesismi.cl\/","title":{"rendered":""},"content":{"rendered":"<p>                       <strong>\u00bfQui\u00e9nes Somos?<\/strong><\/p>\n<p>Una empresa de car\u00e1cter aut\u00f3nomo fundada en Junio del 2001, que toma las ventajas del atractivo potencial del mercado existente en Chile.<\/p>\n<p>Tiene como base de su \u00e9xito, la entrega de un servicio y asesor\u00eda integral a las diferentes necesidades de las industrias, compromiso con el cliente, la \u00f3ptima implementaci\u00f3n de nuevas tecnolog\u00edas, montajes el\u00e9ctricos, montajes mec\u00e1nicos, estructuras met\u00e1licas, fabricaci\u00f3n de estanques, renovaci\u00f3n de programas de automatizaci\u00f3n.<\/p>\n<p>Nuestro objetivo es ser reconocidos por la calidad de nuestro trabajo, experiencia y dedicaci\u00f3n de nuestro personal. Entender y satisfacer las necesidades de nuestros clientes es uno de los pilares fundamentales para el \u00e9xito de G\u00e9nesis Montaje Industrial.<\/p>\n<p>Es nuestra finalidad como empresa concretar los proyectos en forma eficiente, logrado en base a la experiencia acumulada por nuestro equipo profesional y t\u00e9cnico tanto nacional como internacionalmente.<\/p>\n<p>                          <strong>Misi\u00f3n<\/strong><\/p>\n<p>\u201cSomos una empresa de Montaje Industrial, dedicado a dar soluciones integrales de calidad a nuestros clientes, enfocados en la necesidad de cada uno de ellos. Contamos con un equipo multidisciplinario, contribuyendo a dar valor a sus operaciones\u201d.<\/p>\n<p>                          <strong>Visi\u00f3n<\/strong><\/p>\n<p>\u201cSer una empresa l\u00edder en Montaje Industrial, reconocida y valorada a nivel nacional e internacional. Los esfuerzos de la compa\u00f1\u00eda se orientan a estar siempre a la vanguardia con las nuevas tecnolog\u00edas, generando innovaci\u00f3n para cumplir con eficacia y eficiencia las exigencias de nuestros clientes, creando valor a largo plazo para nuestra empresa, colaboradores y fundadores, todo esto comprometido con la seguridad, la salud ocupacional y el medio ambiente\u201d.<\/p>\n<p>               <strong>Pol\u00edtica de seguridad y salud<\/strong><\/p>\n<p>1. Velar por la Protecci\u00f3n de todos nuestros trabajadores en cada uno de los servicios que prestemos, para ello pondremos en conocimiento los peligros y riesgos a los cuales est\u00e1 expuesto en sus labores.<\/p>\n<p>2. Cumplir con la legislaci\u00f3n vigente y otros requisitos en materias de Seguridad y Salud en el trabajo, identificando los aspectos legales que nos ata\u00f1en en cada una de nuestras obras que prestemos servicios.<\/p>\n<p>3. Lograr que todos los trabajadores participen de la presente pol\u00edtica, capacit\u00e1ndolos a identificar los peligros, evaluando los riesgos y determinando medidas de control.<\/p>\n<p>4. Realizar constantes revisiones y auditor\u00edas a nuestros procesos. Por con siguiente, la organizaci\u00f3n se compromete a realizar una mejora continua de la gesti\u00f3n de la SST y del desempe\u00f1o de la SST.<\/p>\n<p>5. Conseguir que estos compromisos sean conocidos por todos nuestros colaboradores, utilizando todos los canales informativos con los que actualmente cuenta la empresa, adem\u00e1s se realizar\u00e1n capacitaciones y evaluaciones de nuestras pol\u00edticas para garantizar su conocimiento.<\/p>\n","protected":false},"excerpt":{"rendered":"<p>\u00bfQui\u00e9nes Somos? Una empresa de car\u00e1cter aut\u00f3nomo fundada en Junio del 2001, que toma las ventajas del atractivo potencial del mercado existente en Chile. Tiene como base de su \u00e9xito, la entrega de un servicio y asesor\u00eda integral a las diferentes necesidades de las industrias, compromiso con el cliente, la \u00f3ptima implementaci\u00f3n de nuevas tecnolog\u00edas, [&hellip;]<\/p>\n","protected":false},"author":1,"featured_media":0,"parent":0,"menu_order":0,"comment_status":"closed","ping_status":"closed","template":"","meta":{"footnotes":""},"class_list":["post-20","page","type-page","status-publish","hentry"],"_links":{"self":[{"href":"https:\/\/www.genesismi.cl\/index.php\/wp-json\/wp\/v2\/pages\/20","targetHints":{"allow":["GET"]}}],"collection":[{"href":"https:\/\/www.genesismi.cl\/index.php\/wp-json\/wp\/v2\/pages"}],"about":[{"href":"https:\/\/www.genesismi.cl\/index.php\/wp-json\/wp\/v2\/types\/page"}],"author":[{"embeddable":true,"href":"https:\/\/www.genesismi.cl\/index.php\/wp-json\/wp\/v2\/users\/1"}],"replies":[{"embeddable":true,"href":"https:\/\/www.genesismi.cl\/index.php\/wp-json\/wp\/v2\/comments?post=20"}],"version-history":[{"count":8,"href":"https:\/\/www.genesismi.cl\/index.php\/wp-json\/wp\/v2\/pages\/20\/revisions"}],"predecessor-version":[{"id":1036,"href":"https:\/\/www.genesismi.cl\/index.php\/wp-json\/wp\/v2\/pages\/20\/revisions\/1036"}],"wp:attachment":[{"href":"https:\/\/www.genesismi.cl\/index.php\/wp-json\/wp\/v2\/media?parent=20"}],"curies":[{"name":"wp","href":"https:\/\/api.w.org\/{rel}","templated":true}]}}