{"id":62,"date":"2017-08-15T06:35:37","date_gmt":"2017-08-15T06:35:37","guid":{"rendered":"http:\/\/www.genesismi.cl\/?page_id=62"},"modified":"2017-08-18T04:10:12","modified_gmt":"2017-08-18T04:10:12","slug":"electricidad","status":"publish","type":"page","link":"https:\/\/www.genesismi.cl\/index.php\/electricidad\/","title":{"rendered":"Electricidad"},"content":{"rendered":"<p>[vc_row][vc_column width=&#8221;2\/3&#8243;][vc_column_text]<\/p>\n<p class=\"paragraph_style_1\"><strong>PROYECTOS ELECTRICOS:<\/strong><\/p>\n<p class=\"paragraph_style_2\">Ingenier\u00edas B\u00e1sicas y Detalles,\u00a0 Especificaciones T\u00e9cnicas, Planos (Construcci\u00f3n,\u00a0 As-Built) Estudios de Aumentos de Capacidad El\u00e9ctrica.( Tramites Sec, Planos), Inspecciones T\u00e9cnicas de Obra ( I.T.O.)<\/p>\n<p>[\/vc_column_text][\/vc_column][vc_column width=&#8221;1\/3&#8243;][vc_single_image image=&#8221;37&#8243; style=&#8221;vc_box_border_circle_2&#8243; label=&#8221;&#8221;][\/vc_column][\/vc_row][vc_row][vc_column width=&#8221;2\/3&#8243;][vc_column_text]<\/p>\n<p class=\"paragraph_style_3\"><strong>INGENIERIA DE CONTROL<span class=\"style_3\">:<\/span><span class=\"style_4\"><br \/>\n<\/span><\/strong><\/p>\n<p class=\"paragraph_style_2\">Programaci\u00f3n de PLC con control Distribuido, Programaci\u00f3n de HMI Programaci\u00f3n de SCADA, Instrumentaci\u00f3n Industrial Tradicional y con Buses de Campo. Desarrollo y Estudios De control e instrumentaci\u00f3n, procesos, control de movimiento. P&amp;ID, Especificaciones.<\/p>\n<p>[\/vc_column_text][\/vc_column][vc_column width=&#8221;1\/3&#8243;][vc_single_image image=&#8221;24&#8243; style=&#8221;vc_box_border_circle_2&#8243; label=&#8221;&#8221;][\/vc_column][\/vc_row][vc_row][vc_column width=&#8221;2\/3&#8243;][vc_column_text]<\/p>\n<p class=\"paragraph_style_1\"><strong>MONTAJE ELECTRICO:<span class=\"style_4\"><br \/>\n<\/span><\/strong><\/p>\n<p class=\"paragraph_style_2\">Montaje de Canalizaciones tales como Escalerillas, Bandejas Ranuradas, canastillos, ca\u00f1er\u00edas en diferentes materiales (Galvanizado, Inoxidable, fibra, etc.)<\/p>\n<p class=\"paragraph_style_2\">Tendido de Cables de Fuerza, control, Instrumentaci\u00f3n, Redes de Control.<\/p>\n<p class=\"paragraph_style_2\">Conexionado Motores, V\u00e1lvulas, Instrumentaci\u00f3n.<\/p>\n<p>[\/vc_column_text][\/vc_column][vc_column width=&#8221;1\/3&#8243;][vc_single_image image=&#8221;23&#8243; style=&#8221;vc_box_border_circle_2&#8243; label=&#8221;&#8221;][\/vc_column][\/vc_row][vc_row][vc_column width=&#8221;2\/3&#8243;][vc_column_text]<\/p>\n<p class=\"paragraph_style_1\"><strong>ASISTENCIA TECNICA:<span class=\"style_4\"><br \/>\n<\/span><\/strong><\/p>\n<p class=\"paragraph_style_2\">Asistencia T\u00e9cnica El\u00e9ctrica, ante urgencias y eventuales siniestros<\/p>\n<p class=\"paragraph_style_2\">Asistencia T\u00e9cnica Control: Levantamiento de programas, reconfiguraci\u00f3n de redes o equipos.<\/p>\n<p>[\/vc_column_text][\/vc_column][vc_column width=&#8221;1\/3&#8243;][vc_single_image image=&#8221;26&#8243; style=&#8221;vc_box_border_circle_2&#8243; label=&#8221;&#8221;][\/vc_column][\/vc_row]<\/p>\n","protected":false},"excerpt":{"rendered":"<p>[vc_row][vc_column width=&#8221;2\/3&#8243;][vc_column_text] PROYECTOS ELECTRICOS: Ingenier\u00edas B\u00e1sicas y Detalles,\u00a0 Especificaciones T\u00e9cnicas, Planos (Construcci\u00f3n,\u00a0 As-Built) Estudios de Aumentos de Capacidad El\u00e9ctrica.( Tramites Sec, Planos), Inspecciones T\u00e9cnicas de Obra ( I.T.O.) [\/vc_column_text][\/vc_column][vc_column width=&#8221;1\/3&#8243;][vc_single_image image=&#8221;37&#8243; style=&#8221;vc_box_border_circle_2&#8243; label=&#8221;&#8221;][\/vc_column][\/vc_row][vc_row][vc_column width=&#8221;2\/3&#8243;][vc_column_text] INGENIERIA DE CONTROL: Programaci\u00f3n de PLC con control Distribuido, Programaci\u00f3n de HMI Programaci\u00f3n de SCADA, Instrumentaci\u00f3n Industrial Tradicional y con Buses [&hellip;]<\/p>\n","protected":false},"author":1,"featured_media":0,"parent":0,"menu_order":0,"comment_status":"closed","ping_status":"closed","template":"","meta":{"footnotes":""},"class_list":["post-62","page","type-page","status-publish","hentry"],"_links":{"self":[{"href":"https:\/\/www.genesismi.cl\/index.php\/wp-json\/wp\/v2\/pages\/62","targetHints":{"allow":["GET"]}}],"collection":[{"href":"https:\/\/www.genesismi.cl\/index.php\/wp-json\/wp\/v2\/pages"}],"about":[{"href":"https:\/\/www.genesismi.cl\/index.php\/wp-json\/wp\/v2\/types\/page"}],"author":[{"embeddable":true,"href":"https:\/\/www.genesismi.cl\/index.php\/wp-json\/wp\/v2\/users\/1"}],"replies":[{"embeddable":true,"href":"https:\/\/www.genesismi.cl\/index.php\/wp-json\/wp\/v2\/comments?post=62"}],"version-history":[{"count":0,"href":"https:\/\/www.genesismi.cl\/index.php\/wp-json\/wp\/v2\/pages\/62\/revisions"}],"wp:attachment":[{"href":"https:\/\/www.genesismi.cl\/index.php\/wp-json\/wp\/v2\/media?parent=62"}],"curies":[{"name":"wp","href":"https:\/\/api.w.org\/{rel}","templated":true}]}}