{"id":64,"date":"2017-08-15T06:36:07","date_gmt":"2017-08-15T06:36:07","guid":{"rendered":"http:\/\/www.genesismi.cl\/?page_id=64"},"modified":"2017-08-17T05:50:41","modified_gmt":"2017-08-17T05:50:41","slug":"mecanica","status":"publish","type":"page","link":"https:\/\/www.genesismi.cl\/index.php\/mecanica\/","title":{"rendered":"Mecanica"},"content":{"rendered":"<p>[vc_row][vc_column width=&#8221;1\/3&#8243;][vc_column_text]<\/p>\n<p class=\"paragraph_style_2\"><strong>PROYECTOS MECANICOS:<\/strong><\/p>\n<p class=\"paragraph_style_3\">Ingenier\u00edas B\u00e1sicas y Detalles, Especificaciones T\u00e9cnicas, Planos (Construcci\u00f3n, As-Built)<\/p>\n<p class=\"paragraph_style_3\">Estudios de Factibilidad t\u00e9cnica, Modificaci\u00f3n y reacondicionamiento de equipos.<\/p>\n<p>[\/vc_column_text][\/vc_column][vc_column width=&#8221;1\/3&#8243;][vc_column_text]<\/p>\n<p class=\"paragraph_style_2\"><strong>MONTAJE MECANICO:<\/strong><\/p>\n<p class=\"paragraph_style_3\">Montaje de Equipos y Maquinarias, Transportadores, Envasadoras, L\u00edneas de Producci\u00f3n.<\/p>\n<p class=\"paragraph_style_3\">Montaje Piping, Acero Carbono, Inoxidable, Galvanizado, Aluminio.<\/p>\n<p class=\"paragraph_style_3\">Montaje Estructuras, Soportaciones.<\/p>\n<p>[\/vc_column_text][\/vc_column][vc_column width=&#8221;1\/3&#8243;][vc_column_text]<\/p>\n<p class=\"paragraph_style_2\"><strong>FABRICACION Y DISE\u00d1O:<\/strong><\/p>\n<p class=\"paragraph_style_3\">Fabricaci\u00f3n de equipos tales como Transportadores, Estanques Inoxidable, Pasarelas, Estructura<\/p>\n<p>[\/vc_column_text][\/vc_column][\/vc_row][vc_row][vc_column width=&#8221;1\/3&#8243;][vc_single_image image=&#8221;31&#8243; img_size=&#8221;400&#215;200&#8243; alignment=&#8221;center&#8221; style=&#8221;vc_box_border_circle_2&#8243; label=&#8221;&#8221;][\/vc_column][vc_column width=&#8221;1\/3&#8243;][vc_single_image image=&#8221;32&#8243; img_size=&#8221;400&#215;200&#8243; alignment=&#8221;center&#8221; style=&#8221;vc_box_border_circle_2&#8243; label=&#8221;&#8221;][\/vc_column][vc_column width=&#8221;1\/3&#8243;][vc_single_image image=&#8221;267&#8243; img_size=&#8221;400&#215;200&#8243; alignment=&#8221;center&#8221; style=&#8221;vc_box_border_circle_2&#8243; label=&#8221;&#8221;][\/vc_column][\/vc_row]<\/p>\n","protected":false},"excerpt":{"rendered":"<p>[vc_row][vc_column width=&#8221;1\/3&#8243;][vc_column_text] PROYECTOS MECANICOS: Ingenier\u00edas B\u00e1sicas y Detalles, Especificaciones T\u00e9cnicas, Planos (Construcci\u00f3n, As-Built) Estudios de Factibilidad t\u00e9cnica, Modificaci\u00f3n y reacondicionamiento de equipos. [\/vc_column_text][\/vc_column][vc_column width=&#8221;1\/3&#8243;][vc_column_text] MONTAJE MECANICO: Montaje de Equipos y Maquinarias, Transportadores, Envasadoras, L\u00edneas de Producci\u00f3n. Montaje Piping, Acero Carbono, Inoxidable, Galvanizado, Aluminio. Montaje Estructuras, Soportaciones. [\/vc_column_text][\/vc_column][vc_column width=&#8221;1\/3&#8243;][vc_column_text] FABRICACION Y DISE\u00d1O: Fabricaci\u00f3n de equipos tales [&hellip;]<\/p>\n","protected":false},"author":1,"featured_media":0,"parent":0,"menu_order":0,"comment_status":"closed","ping_status":"closed","template":"","meta":{"footnotes":""},"class_list":["post-64","page","type-page","status-publish","hentry"],"_links":{"self":[{"href":"https:\/\/www.genesismi.cl\/index.php\/wp-json\/wp\/v2\/pages\/64","targetHints":{"allow":["GET"]}}],"collection":[{"href":"https:\/\/www.genesismi.cl\/index.php\/wp-json\/wp\/v2\/pages"}],"about":[{"href":"https:\/\/www.genesismi.cl\/index.php\/wp-json\/wp\/v2\/types\/page"}],"author":[{"embeddable":true,"href":"https:\/\/www.genesismi.cl\/index.php\/wp-json\/wp\/v2\/users\/1"}],"replies":[{"embeddable":true,"href":"https:\/\/www.genesismi.cl\/index.php\/wp-json\/wp\/v2\/comments?post=64"}],"version-history":[{"count":0,"href":"https:\/\/www.genesismi.cl\/index.php\/wp-json\/wp\/v2\/pages\/64\/revisions"}],"wp:attachment":[{"href":"https:\/\/www.genesismi.cl\/index.php\/wp-json\/wp\/v2\/media?parent=64"}],"curies":[{"name":"wp","href":"https:\/\/api.w.org\/{rel}","templated":true}]}}